{"id":9266,"date":"2022-10-17T10:38:55","date_gmt":"2022-10-17T10:38:55","guid":{"rendered":"https:\/\/babalustudios.com\/escuela-de-doblaje-de-galicia\/"},"modified":"2023-11-02T19:48:06","modified_gmt":"2023-11-02T19:48:06","slug":"escuela-de-doblaje-de-galicia","status":"publish","type":"page","link":"https:\/\/babalustudios.com\/en\/escuela-de-doblaje-de-galicia\/","title":{"rendered":"ESDOGA, Escuela de Doblaje de Galicia"},"content":{"rendered":"<p><div class=\"fusion-fullwidth fullwidth-box fusion-builder-row-1 fusion-flex-container has-pattern-background has-mask-background nonhundred-percent-fullwidth non-hundred-percent-height-scrolling\" style=\"--awb-border-radius-top-left:0px;--awb-border-radius-top-right:0px;--awb-border-radius-bottom-right:0px;--awb-border-radius-bottom-left:0px;--awb-padding-top:0px;--awb-background-image:linear-gradient(180deg, var(--awb-color1) 80%,var(--awb-color2) 80%);--awb-flex-wrap:wrap;\" ><div class=\"fusion-builder-row fusion-row fusion-flex-align-items-center fusion-flex-content-wrap\" style=\"max-width:1310.4px;margin-left: calc(-4% \/ 2 );margin-right: calc(-4% \/ 2 );\"><div class=\"fusion-layout-column fusion_builder_column fusion-builder-column-0 fusion_builder_column_2_5 2_5 fusion-flex-column\" style=\"--awb-bg-size:cover;--awb-width-large:40%;--awb-margin-top-large:20px;--awb-spacing-right-large:4.8%;--awb-margin-bottom-large:20px;--awb-spacing-left-large:4.8%;--awb-width-medium:40%;--awb-order-medium:0;--awb-spacing-right-medium:4.8%;--awb-spacing-left-medium:4.8%;--awb-width-small:100%;--awb-order-small:0;--awb-spacing-right-small:1.92%;--awb-spacing-left-small:1.92%;\"><div class=\"fusion-column-wrapper fusion-column-has-shadow fusion-flex-justify-content-flex-start fusion-content-layout-column\"><div class=\"fusion-title title fusion-title-1 fusion-sep-none fusion-title-text fusion-title-size-one\"><h1 class=\"fusion-title-heading title-heading-left fusion-responsive-typography-calculated\" style=\"margin:0;--fontSize:45;line-height:var(--awb-typography1-line-height);\">Babal\u00fa Studios Academy is the Dubbing School<\/h1><\/div><div class=\"fusion-text fusion-text-1\"><p>Since 2009 we train and refine new voices, and we do it from a real sound and dubbing studio that works with the largest content creation companies.<\/p>\n<\/div><\/div><\/div><div class=\"fusion-layout-column fusion_builder_column fusion-builder-column-1 fusion_builder_column_3_5 3_5 fusion-flex-column\" style=\"--awb-bg-size:cover;--awb-width-large:60%;--awb-margin-top-large:20px;--awb-spacing-right-large:3.2%;--awb-margin-bottom-large:20px;--awb-spacing-left-large:3.2%;--awb-width-medium:60%;--awb-order-medium:0;--awb-spacing-right-medium:3.2%;--awb-spacing-left-medium:3.2%;--awb-width-small:100%;--awb-order-small:0;--awb-spacing-right-small:1.92%;--awb-spacing-left-small:1.92%;\"><div class=\"fusion-column-wrapper fusion-column-has-shadow fusion-flex-justify-content-flex-start fusion-content-layout-column\"><div class=\"fusion-image-element \" style=\"text-align:center;--awb-caption-title-font-family:var(--h2_typography-font-family);--awb-caption-title-font-weight:var(--h2_typography-font-weight);--awb-caption-title-font-style:var(--h2_typography-font-style);--awb-caption-title-size:var(--h2_typography-font-size);--awb-caption-title-transform:var(--h2_typography-text-transform);--awb-caption-title-line-height:var(--h2_typography-line-height);--awb-caption-title-letter-spacing:var(--h2_typography-letter-spacing);\"><span class=\" fusion-imageframe imageframe-none imageframe-1 hover-type-none\" style=\"border-radius:12px;\"><img decoding=\"async\" width=\"1034\" height=\"956\" alt=\"Escuela de Doblaje de Galicia \" title=\"escuela-esdoga-babalu-studios\" src=\"https:\/\/babalustudios.com\/wp-content\/uploads\/2022\/10\/escuela-esdoga-babalu-studios.png\" data-orig-src=\"https:\/\/babalustudios.com\/wp-content\/uploads\/2022\/10\/escuela-esdoga-babalu-studios.png\" class=\"lazyload img-responsive wp-image-9191\" srcset=\"data:image\/svg+xml,%3Csvg%20xmlns%3D%27http%3A%2F%2Fwww.w3.org%2F2000%2Fsvg%27%20width%3D%271034%27%20height%3D%27956%27%20viewBox%3D%270%200%201034%20956%27%3E%3Crect%20width%3D%271034%27%20height%3D%27956%27%20fill-opacity%3D%220%22%2F%3E%3C%2Fsvg%3E\" data-srcset=\"https:\/\/babalustudios.com\/wp-content\/uploads\/2022\/10\/escuela-esdoga-babalu-studios-200x185.png 200w, https:\/\/babalustudios.com\/wp-content\/uploads\/2022\/10\/escuela-esdoga-babalu-studios-400x370.png 400w, https:\/\/babalustudios.com\/wp-content\/uploads\/2022\/10\/escuela-esdoga-babalu-studios-600x555.png 600w, https:\/\/babalustudios.com\/wp-content\/uploads\/2022\/10\/escuela-esdoga-babalu-studios-800x740.png 800w, https:\/\/babalustudios.com\/wp-content\/uploads\/2022\/10\/escuela-esdoga-babalu-studios.png 1034w\" data-sizes=\"auto\" data-orig-sizes=\"(max-width: 640px) 100vw, 800px\" \/><\/span><\/div><\/div><\/div><\/div><\/div><div class=\"fusion-fullwidth fullwidth-box fusion-builder-row-2 fusion-flex-container has-pattern-background has-mask-background fusion-parallax-none nonhundred-percent-fullwidth non-hundred-percent-height-scrolling lazyload\" style=\"--awb-background-position:center bottom;--awb-border-radius-top-left:0px;--awb-border-radius-top-right:0px;--awb-border-radius-bottom-right:0px;--awb-border-radius-bottom-left:0px;--awb-min-height:650px;--awb-background-size:cover;--awb-flex-wrap:wrap;\" data-bg=\"https:\/\/babalustudios.com\/wp-content\/uploads\/2022\/10\/aprender-voz-escuela-babalu-studios-650.jpg\" ><div class=\"fusion-builder-row fusion-row fusion-flex-align-items-flex-start fusion-flex-align-content-center fusion-flex-justify-content-center fusion-flex-content-wrap\" style=\"max-width:1310.4px;margin-left: calc(-4% \/ 2 );margin-right: calc(-4% \/ 2 );\"><div class=\"fusion-layout-column fusion_builder_column fusion-builder-column-2 fusion_builder_column_4_5 4_5 fusion-flex-column\" style=\"--awb-bg-size:cover;--awb-width-large:80%;--awb-margin-top-large:20px;--awb-spacing-right-large:2.4%;--awb-margin-bottom-large:20px;--awb-spacing-left-large:2.4%;--awb-width-medium:80%;--awb-order-medium:0;--awb-spacing-right-medium:2.4%;--awb-spacing-left-medium:2.4%;--awb-width-small:100%;--awb-order-small:0;--awb-spacing-right-small:1.92%;--awb-spacing-left-small:1.92%;\"><div class=\"fusion-column-wrapper fusion-column-has-shadow fusion-flex-justify-content-flex-start fusion-content-layout-column\"><div class=\"fusion-title title fusion-title-2 fusion-sep-none fusion-title-center fusion-title-text fusion-title-size-two\"><h2 class=\"fusion-title-heading title-heading-center fusion-responsive-typography-calculated\" style=\"margin:0;--fontSize:32.4;line-height:1.2;\">Learning how to use our voice correctly<\/h2><\/div><div class=\"fusion-text fusion-text-2\" style=\"--awb-margin-top:20px;\"><p>The dubbing process is complex as it requires knowledge on how to use and modulate our voice. Our voice is a tool we have at our disposal and knowing how to use it can change everything we say. The use of our voice can have an impact on our personal relationships, on our self-confidence and our self-esteem.<\/p>\n<p>As what concerns the process of professional locution, the voice is key for the credibility of the scene, it will impact on the marketing message, on the correct use of the cadence, on the details of a sigh, on the emission, the tone and the voice projection in different auditoriums, the care of the vocal instrument, the discovery of tessituras and ranges, of unique harmonics, of colours, of our resonators, of interpretive rhythms\u2026 among others.<\/p>\n<\/div><\/div><\/div><\/div><\/div><div class=\"fusion-fullwidth fullwidth-box fusion-builder-row-3 fusion-flex-container has-pattern-background has-mask-background nonhundred-percent-fullwidth non-hundred-percent-height-scrolling\" style=\"--awb-border-radius-top-left:0px;--awb-border-radius-top-right:0px;--awb-border-radius-bottom-right:0px;--awb-border-radius-bottom-left:0px;--awb-padding-top:40px;--awb-margin-top:0px;--awb-flex-wrap:wrap;\" ><div class=\"fusion-builder-row fusion-row fusion-flex-align-items-flex-start fusion-flex-content-wrap\" style=\"max-width:1310.4px;margin-left: calc(-4% \/ 2 );margin-right: calc(-4% \/ 2 );\"><div class=\"fusion-layout-column fusion_builder_column fusion-builder-column-3 fusion_builder_column_1_1 1_1 fusion-flex-column\" style=\"--awb-bg-size:cover;--awb-width-large:100%;--awb-margin-top-large:20px;--awb-spacing-right-large:1.92%;--awb-margin-bottom-large:20px;--awb-spacing-left-large:1.92%;--awb-width-medium:100%;--awb-order-medium:0;--awb-spacing-right-medium:1.92%;--awb-spacing-left-medium:1.92%;--awb-width-small:100%;--awb-order-small:0;--awb-spacing-right-small:1.92%;--awb-spacing-left-small:1.92%;\"><div class=\"fusion-column-wrapper fusion-column-has-shadow fusion-flex-justify-content-flex-start fusion-content-layout-column\"><div class=\"fusion-title title fusion-title-3 fusion-sep-none fusion-title-center fusion-title-text fusion-title-size-two\"><h2 class=\"fusion-title-heading title-heading-center fusion-responsive-typography-calculated\" style=\"margin:0;--fontSize:32.4;line-height:1.2;\">Dubbing and Sound course<\/h2><\/div><div class=\"fusion-text fusion-text-3\" style=\"--awb-content-alignment:center;--awb-margin-top:40px;\"><p>Our Dubbing and Sound course will train you as a male of female voice actor. This course takes place during the academic year, from October to June. It lasts 120 hours, with more than a 90% of practical training.<\/p>\n<p>Haven\u2019t you decided yet? Stay tuned as we will tell you a few more things about it!<\/p>\n<\/div><\/div><\/div><div class=\"fusion-layout-column fusion_builder_column fusion-builder-column-4 fusion_builder_column_1_1 1_1 fusion-flex-column\" style=\"--awb-padding-top:40px;--awb-padding-right:40px;--awb-padding-bottom:40px;--awb-padding-left:40px;--awb-overflow:hidden;--awb-bg-color:var(--awb-color2);--awb-bg-color-hover:var(--awb-color2);--awb-bg-size:cover;--awb-border-radius:15px 15px 15px 15px;--awb-width-large:100%;--awb-margin-top-large:20px;--awb-spacing-right-large:1.92%;--awb-margin-bottom-large:20px;--awb-spacing-left-large:1.92%;--awb-width-medium:100%;--awb-order-medium:0;--awb-spacing-right-medium:1.92%;--awb-spacing-left-medium:1.92%;--awb-width-small:100%;--awb-order-small:0;--awb-spacing-right-small:1.92%;--awb-spacing-left-small:1.92%;\"><div class=\"fusion-column-wrapper fusion-column-has-shadow fusion-flex-justify-content-flex-start fusion-content-layout-column\"><ul style=\"--awb-iconcolor:#78bb78;--awb-textcolor:var(--awb-custom10);--awb-line-height:30.6px;--awb-icon-width:30.6px;--awb-icon-height:30.6px;--awb-icon-margin:12.6px;--awb-content-margin:43.2px;\" class=\"fusion-checklist fusion-checklist-1 fusion-checklist-default type-icons\"><li class=\"fusion-li-item\" style=\"\"><span class=\"icon-wrapper circle-no\"><i class=\"fusion-li-icon icon-accountant-check\" aria-hidden=\"true\"><\/i><\/span><div class=\"fusion-li-item-content\">\n<p>More than a 90% of practical training<\/p>\n<\/div><\/li><li class=\"fusion-li-item\" style=\"\"><span class=\"icon-wrapper circle-no\"><i class=\"fusion-li-icon icon-accountant-check\" aria-hidden=\"true\"><\/i><\/span><div class=\"fusion-li-item-content\">\n<p>Specific training given by experienced professionals in the field<\/p>\n<\/div><\/li><li class=\"fusion-li-item\" style=\"\"><span class=\"icon-wrapper circle-no\"><i class=\"fusion-li-icon icon-accountant-check\" aria-hidden=\"true\"><\/i><\/span><div class=\"fusion-li-item-content\">Job opportunities in: TV, cinema, video, marketing, corporate communication, documentaries, cultural content, social networks, animation, videogames, etc&#8230;<\/div><\/li><li class=\"fusion-li-item\" style=\"\"><span class=\"icon-wrapper circle-no\"><i class=\"fusion-li-icon icon-accountant-check\" aria-hidden=\"true\"><\/i><\/span><div class=\"fusion-li-item-content\">High labour demand<\/div><\/li><li class=\"fusion-li-item\" style=\"\"><span class=\"icon-wrapper circle-no\"><i class=\"fusion-li-icon icon-accountant-check\" aria-hidden=\"true\"><\/i><\/span><div class=\"fusion-li-item-content\">Professional opportunities and personal development<\/div><\/li><li class=\"fusion-li-item\" style=\"\"><span class=\"icon-wrapper circle-no\"><i class=\"fusion-li-icon icon-accountant-check\" aria-hidden=\"true\"><\/i><\/span><div class=\"fusion-li-item-content\">A career without limits: all kinds of oral registers are needed, regardless of sex and age<\/div><\/li><\/ul><\/div><\/div><\/div><\/div><div class=\"fusion-fullwidth fullwidth-box fusion-builder-row-4 fusion-flex-container has-pattern-background has-mask-background nonhundred-percent-fullwidth non-hundred-percent-height-scrolling\" style=\"--awb-border-radius-top-left:0px;--awb-border-radius-top-right:0px;--awb-border-radius-bottom-right:0px;--awb-border-radius-bottom-left:0px;--awb-padding-top:40px;--awb-padding-bottom:0px;--awb-flex-wrap:wrap;\" ><div class=\"fusion-builder-row fusion-row fusion-flex-align-items-center fusion-flex-content-wrap\" style=\"max-width:1310.4px;margin-left: calc(-4% \/ 2 );margin-right: calc(-4% \/ 2 );\"><div class=\"fusion-layout-column fusion_builder_column fusion-builder-column-5 fusion_builder_column_1_1 1_1 fusion-flex-column\" style=\"--awb-bg-size:cover;--awb-width-large:100%;--awb-margin-top-large:20px;--awb-spacing-right-large:1.92%;--awb-margin-bottom-large:20px;--awb-spacing-left-large:1.92%;--awb-width-medium:100%;--awb-order-medium:0;--awb-spacing-right-medium:1.92%;--awb-spacing-left-medium:1.92%;--awb-width-small:100%;--awb-order-small:0;--awb-spacing-right-small:1.92%;--awb-spacing-left-small:1.92%;\"><div class=\"fusion-column-wrapper fusion-column-has-shadow fusion-flex-justify-content-flex-start fusion-content-layout-column\"><div class=\"fusion-title title fusion-title-4 fusion-sep-none fusion-title-center fusion-title-text fusion-title-size-two\"><h2 class=\"fusion-title-heading title-heading-center fusion-responsive-typography-calculated\" style=\"margin:0;--fontSize:32.4;line-height:1.2;\">Become a professional broadcaster with Babal\u00fa Studios Academy<\/h2><\/div><div class=\"fusion-image-element \" style=\"text-align:center;--awb-margin-top:30PX;--awb-caption-title-font-family:var(--h2_typography-font-family);--awb-caption-title-font-weight:var(--h2_typography-font-weight);--awb-caption-title-font-style:var(--h2_typography-font-style);--awb-caption-title-size:var(--h2_typography-font-size);--awb-caption-title-transform:var(--h2_typography-text-transform);--awb-caption-title-line-height:var(--h2_typography-line-height);--awb-caption-title-letter-spacing:var(--h2_typography-letter-spacing);\"><span class=\" fusion-imageframe imageframe-none imageframe-2 hover-type-none\" style=\"border-radius:12px;\"><img decoding=\"async\" width=\"157\" height=\"123\" title=\"icono-babalu-studios\" src=\"data:image\/svg+xml,%3Csvg%20xmlns%3D%27http%3A%2F%2Fwww.w3.org%2F2000%2Fsvg%27%20width%3D%27157%27%20height%3D%27123%27%20viewBox%3D%270%200%20157%20123%27%3E%3Crect%20width%3D%27157%27%20height%3D%27123%27%20fill-opacity%3D%220%22%2F%3E%3C%2Fsvg%3E\" data-orig-src=\"https:\/\/babalustudios.com\/wp-content\/uploads\/2022\/10\/icono-babalu-studios.png\" alt class=\"lazyload img-responsive wp-image-9187\"\/><\/span><\/div><div class=\"fusion-text fusion-text-4\" style=\"--awb-content-alignment:center;--awb-font-size:2em;--awb-margin-top:30PX;\"><p>Your voice is your work tool,<br \/>do you want to train it in Babal\u00fa Studios Academy?<\/p>\n<\/div><\/div><\/div><div class=\"fusion-layout-column fusion_builder_column fusion-builder-column-6 fusion_builder_column_2_5 2_5 fusion-flex-column\" style=\"--awb-bg-size:cover;--awb-width-large:40%;--awb-margin-top-large:20px;--awb-spacing-right-large:4.8%;--awb-margin-bottom-large:20px;--awb-spacing-left-large:4.8%;--awb-width-medium:40%;--awb-order-medium:0;--awb-spacing-right-medium:4.8%;--awb-spacing-left-medium:4.8%;--awb-width-small:100%;--awb-order-small:0;--awb-spacing-right-small:1.92%;--awb-spacing-left-small:1.92%;\"><div class=\"fusion-column-wrapper fusion-column-has-shadow fusion-flex-justify-content-flex-start fusion-content-layout-column\"><div class=\"fusion-image-element \" style=\"text-align:center;--awb-caption-title-font-family:var(--h2_typography-font-family);--awb-caption-title-font-weight:var(--h2_typography-font-weight);--awb-caption-title-font-style:var(--h2_typography-font-style);--awb-caption-title-size:var(--h2_typography-font-size);--awb-caption-title-transform:var(--h2_typography-text-transform);--awb-caption-title-line-height:var(--h2_typography-line-height);--awb-caption-title-letter-spacing:var(--h2_typography-letter-spacing);\"><span class=\" fusion-imageframe imageframe-none imageframe-3 hover-type-none\" style=\"border-radius:12px;\"><img decoding=\"async\" width=\"1011\" height=\"1057\" alt=\"Formaci\u00f3n escuela Babal\u00fa\" title=\"formacion-escuela-babalu-studios\" src=\"https:\/\/babalustudios.com\/wp-content\/uploads\/2022\/10\/formacion-escuela-babalu-studios.png\" data-orig-src=\"https:\/\/babalustudios.com\/wp-content\/uploads\/2022\/10\/formacion-escuela-babalu-studios.png\" class=\"lazyload img-responsive wp-image-9195\" srcset=\"data:image\/svg+xml,%3Csvg%20xmlns%3D%27http%3A%2F%2Fwww.w3.org%2F2000%2Fsvg%27%20width%3D%271011%27%20height%3D%271057%27%20viewBox%3D%270%200%201011%201057%27%3E%3Crect%20width%3D%271011%27%20height%3D%271057%27%20fill-opacity%3D%220%22%2F%3E%3C%2Fsvg%3E\" data-srcset=\"https:\/\/babalustudios.com\/wp-content\/uploads\/2022\/10\/formacion-escuela-babalu-studios-200x209.png 200w, https:\/\/babalustudios.com\/wp-content\/uploads\/2022\/10\/formacion-escuela-babalu-studios-400x418.png 400w, https:\/\/babalustudios.com\/wp-content\/uploads\/2022\/10\/formacion-escuela-babalu-studios-600x627.png 600w, https:\/\/babalustudios.com\/wp-content\/uploads\/2022\/10\/formacion-escuela-babalu-studios-800x836.png 800w, https:\/\/babalustudios.com\/wp-content\/uploads\/2022\/10\/formacion-escuela-babalu-studios.png 1011w\" data-sizes=\"auto\" data-orig-sizes=\"(max-width: 640px) 100vw, 600px\" \/><\/span><\/div><\/div><\/div><div class=\"fusion-layout-column fusion_builder_column fusion-builder-column-7 fusion_builder_column_3_5 3_5 fusion-flex-column\" style=\"--awb-bg-size:cover;--awb-width-large:60%;--awb-margin-top-large:20px;--awb-spacing-right-large:3.2%;--awb-margin-bottom-large:20px;--awb-spacing-left-large:3.2%;--awb-width-medium:60%;--awb-order-medium:0;--awb-spacing-right-medium:3.2%;--awb-spacing-left-medium:3.2%;--awb-width-small:100%;--awb-order-small:0;--awb-spacing-right-small:1.92%;--awb-spacing-left-small:1.92%;\"><div class=\"fusion-column-wrapper fusion-column-has-shadow fusion-flex-justify-content-flex-start fusion-content-layout-column\"><div class=\"fusion-text fusion-text-5\"><p>In our Dubbing course, you will learn how to use your voice as a professional, and it will open up new job opportunities. Our course offers a 120-hours training program in which we will teach you everything you need to know to become a female or male voice actor.<\/p>\n<p><strong>You will develop in the audiovisual and creative sector, your voice will become your work tool, <\/strong>and you will learn how to use it, how to take care of it and how to modulate it to convey emotions and so much more!<\/p>\n<p>This course allows you to understand and take care of your vocal tract, as well as to learn how to control your breathing to talk, recite, sing or act. This course is ideal to develop your self-control and your self-esteem, abilities that are essential to speak in public.<\/p>\n<\/div><\/div><\/div><\/div><\/div><\/p>\n","protected":false},"excerpt":{"rendered":"","protected":false},"author":2,"featured_media":0,"parent":0,"menu_order":0,"comment_status":"closed","ping_status":"closed","template":"100-width.php","meta":{"footnotes":""},"class_list":["post-9266","page","type-page","status-publish","hentry"],"yoast_head":"<!-- This site is optimized with the Yoast SEO plugin v27.5 - https:\/\/yoast.com\/product\/yoast-seo-wordpress\/ -->\n<title>Galician dubbing school | Babal\u00fa Studios<\/title>\n<meta name=\"description\" content=\"\u00bfTe gustar\u00eda ser actor de doblaje? Con nuestro curso de doblaje y sonorizaci\u00f3n aprender\u00e1s a utilizar tu voz y te formar\u00e1s como doblador.\" \/>\n<meta name=\"robots\" content=\"index, follow, max-snippet:-1, max-image-preview:large, max-video-preview:-1\" \/>\n<link rel=\"canonical\" href=\"https:\/\/babalustudios.com\/en\/escuela-de-doblaje-de-galicia\/\" \/>\n<meta property=\"og:locale\" content=\"en_US\" \/>\n<meta property=\"og:type\" content=\"article\" \/>\n<meta property=\"og:title\" content=\"Galician dubbing school | Babal\u00fa Studios\" \/>\n<meta property=\"og:description\" content=\"\u00bfTe gustar\u00eda ser actor de doblaje? Con nuestro curso de doblaje y sonorizaci\u00f3n aprender\u00e1s a utilizar tu voz y te formar\u00e1s como doblador.\" \/>\n<meta property=\"og:url\" content=\"https:\/\/babalustudios.com\/en\/escuela-de-doblaje-de-galicia\/\" \/>\n<meta property=\"og:site_name\" content=\"Babal\u00fa Studios\" \/>\n<meta property=\"article:modified_time\" content=\"2023-11-02T19:48:06+00:00\" \/>\n<meta name=\"twitter:card\" content=\"summary_large_image\" \/>\n<meta name=\"twitter:label1\" content=\"Est. reading time\" \/>\n\t<meta name=\"twitter:data1\" content=\"8 minutes\" \/>\n<script type=\"application\/ld+json\" class=\"yoast-schema-graph\">{\"@context\":\"https:\\\/\\\/schema.org\",\"@graph\":[{\"@type\":\"WebPage\",\"@id\":\"https:\\\/\\\/babalustudios.com\\\/en\\\/escuela-de-doblaje-de-galicia\\\/\",\"url\":\"https:\\\/\\\/babalustudios.com\\\/en\\\/escuela-de-doblaje-de-galicia\\\/\",\"name\":\"Galician dubbing school | Babal\u00fa Studios\",\"isPartOf\":{\"@id\":\"https:\\\/\\\/babalustudios.com\\\/en\\\/#website\"},\"datePublished\":\"2022-10-17T10:38:55+00:00\",\"dateModified\":\"2023-11-02T19:48:06+00:00\",\"description\":\"\u00bfTe gustar\u00eda ser actor de doblaje? Con nuestro curso de doblaje y sonorizaci\u00f3n aprender\u00e1s a utilizar tu voz y te formar\u00e1s como doblador.\",\"breadcrumb\":{\"@id\":\"https:\\\/\\\/babalustudios.com\\\/en\\\/escuela-de-doblaje-de-galicia\\\/#breadcrumb\"},\"inLanguage\":\"en-US\",\"potentialAction\":[{\"@type\":\"ReadAction\",\"target\":[\"https:\\\/\\\/babalustudios.com\\\/en\\\/escuela-de-doblaje-de-galicia\\\/\"]}]},{\"@type\":\"BreadcrumbList\",\"@id\":\"https:\\\/\\\/babalustudios.com\\\/en\\\/escuela-de-doblaje-de-galicia\\\/#breadcrumb\",\"itemListElement\":[{\"@type\":\"ListItem\",\"position\":1,\"name\":\"Portada\",\"item\":\"https:\\\/\\\/babalustudios.com\\\/en\\\/\"},{\"@type\":\"ListItem\",\"position\":2,\"name\":\"ESDOGA, Escuela de Doblaje de Galicia\"}]},{\"@type\":\"WebSite\",\"@id\":\"https:\\\/\\\/babalustudios.com\\\/en\\\/#website\",\"url\":\"https:\\\/\\\/babalustudios.com\\\/en\\\/\",\"name\":\"Babal\u00fa Studios\",\"description\":\"Babal\u00fa studios\",\"potentialAction\":[{\"@type\":\"SearchAction\",\"target\":{\"@type\":\"EntryPoint\",\"urlTemplate\":\"https:\\\/\\\/babalustudios.com\\\/en\\\/?s={search_term_string}\"},\"query-input\":{\"@type\":\"PropertyValueSpecification\",\"valueRequired\":true,\"valueName\":\"search_term_string\"}}],\"inLanguage\":\"en-US\"}]}<\/script>\n<!-- \/ Yoast SEO plugin. -->","yoast_head_json":{"title":"Galician dubbing school | Babal\u00fa Studios","description":"\u00bfTe gustar\u00eda ser actor de doblaje? Con nuestro curso de doblaje y sonorizaci\u00f3n aprender\u00e1s a utilizar tu voz y te formar\u00e1s como doblador.","robots":{"index":"index","follow":"follow","max-snippet":"max-snippet:-1","max-image-preview":"max-image-preview:large","max-video-preview":"max-video-preview:-1"},"canonical":"https:\/\/babalustudios.com\/en\/escuela-de-doblaje-de-galicia\/","og_locale":"en_US","og_type":"article","og_title":"Galician dubbing school | Babal\u00fa Studios","og_description":"\u00bfTe gustar\u00eda ser actor de doblaje? Con nuestro curso de doblaje y sonorizaci\u00f3n aprender\u00e1s a utilizar tu voz y te formar\u00e1s como doblador.","og_url":"https:\/\/babalustudios.com\/en\/escuela-de-doblaje-de-galicia\/","og_site_name":"Babal\u00fa Studios","article_modified_time":"2023-11-02T19:48:06+00:00","twitter_card":"summary_large_image","twitter_misc":{"Est. reading time":"8 minutes"},"schema":{"@context":"https:\/\/schema.org","@graph":[{"@type":"WebPage","@id":"https:\/\/babalustudios.com\/en\/escuela-de-doblaje-de-galicia\/","url":"https:\/\/babalustudios.com\/en\/escuela-de-doblaje-de-galicia\/","name":"Galician dubbing school | Babal\u00fa Studios","isPartOf":{"@id":"https:\/\/babalustudios.com\/en\/#website"},"datePublished":"2022-10-17T10:38:55+00:00","dateModified":"2023-11-02T19:48:06+00:00","description":"\u00bfTe gustar\u00eda ser actor de doblaje? Con nuestro curso de doblaje y sonorizaci\u00f3n aprender\u00e1s a utilizar tu voz y te formar\u00e1s como doblador.","breadcrumb":{"@id":"https:\/\/babalustudios.com\/en\/escuela-de-doblaje-de-galicia\/#breadcrumb"},"inLanguage":"en-US","potentialAction":[{"@type":"ReadAction","target":["https:\/\/babalustudios.com\/en\/escuela-de-doblaje-de-galicia\/"]}]},{"@type":"BreadcrumbList","@id":"https:\/\/babalustudios.com\/en\/escuela-de-doblaje-de-galicia\/#breadcrumb","itemListElement":[{"@type":"ListItem","position":1,"name":"Portada","item":"https:\/\/babalustudios.com\/en\/"},{"@type":"ListItem","position":2,"name":"ESDOGA, Escuela de Doblaje de Galicia"}]},{"@type":"WebSite","@id":"https:\/\/babalustudios.com\/en\/#website","url":"https:\/\/babalustudios.com\/en\/","name":"Babal\u00fa Studios","description":"Babal\u00fa studios","potentialAction":[{"@type":"SearchAction","target":{"@type":"EntryPoint","urlTemplate":"https:\/\/babalustudios.com\/en\/?s={search_term_string}"},"query-input":{"@type":"PropertyValueSpecification","valueRequired":true,"valueName":"search_term_string"}}],"inLanguage":"en-US"}]}},"_links":{"self":[{"href":"https:\/\/babalustudios.com\/en\/wp-json\/wp\/v2\/pages\/9266","targetHints":{"allow":["GET"]}}],"collection":[{"href":"https:\/\/babalustudios.com\/en\/wp-json\/wp\/v2\/pages"}],"about":[{"href":"https:\/\/babalustudios.com\/en\/wp-json\/wp\/v2\/types\/page"}],"author":[{"embeddable":true,"href":"https:\/\/babalustudios.com\/en\/wp-json\/wp\/v2\/users\/2"}],"replies":[{"embeddable":true,"href":"https:\/\/babalustudios.com\/en\/wp-json\/wp\/v2\/comments?post=9266"}],"version-history":[{"count":4,"href":"https:\/\/babalustudios.com\/en\/wp-json\/wp\/v2\/pages\/9266\/revisions"}],"predecessor-version":[{"id":9495,"href":"https:\/\/babalustudios.com\/en\/wp-json\/wp\/v2\/pages\/9266\/revisions\/9495"}],"wp:attachment":[{"href":"https:\/\/babalustudios.com\/en\/wp-json\/wp\/v2\/media?parent=9266"}],"curies":[{"name":"wp","href":"https:\/\/api.w.org\/{rel}","templated":true}]}}