{"id":9268,"date":"2022-10-13T16:14:14","date_gmt":"2022-10-13T16:14:14","guid":{"rendered":"https:\/\/babalustudios.com\/instalaciones-y-equipamiento-tecnico\/"},"modified":"2023-08-11T15:36:46","modified_gmt":"2023-08-11T15:36:46","slug":"instalaciones-y-equipamiento-tecnico","status":"publish","type":"page","link":"https:\/\/babalustudios.com\/en\/instalaciones-y-equipamiento-tecnico\/","title":{"rendered":"Instalaciones y equipamiento t\u00e9cnico"},"content":{"rendered":"<p><div class=\"fusion-fullwidth fullwidth-box fusion-builder-row-1 fusion-flex-container has-pattern-background has-mask-background nonhundred-percent-fullwidth non-hundred-percent-height-scrolling\" style=\"--awb-border-radius-top-left:0px;--awb-border-radius-top-right:0px;--awb-border-radius-bottom-right:0px;--awb-border-radius-bottom-left:0px;--awb-padding-top:40px;--awb-padding-bottom:20px;--awb-background-image:linear-gradient(180deg, var(--awb-color4) 60%,var(--awb-color1) 60%);--awb-flex-wrap:wrap;\" ><div class=\"fusion-builder-row fusion-row fusion-flex-align-items-stretch fusion-flex-content-wrap\" style=\"max-width:1310.4px;margin-left: calc(-4% \/ 2 );margin-right: calc(-4% \/ 2 );\"><div class=\"fusion-layout-column fusion_builder_column fusion-builder-column-0 fusion_builder_column_1_1 1_1 fusion-flex-column\" style=\"--awb-bg-size:cover;--awb-width-large:100%;--awb-margin-top-large:20px;--awb-spacing-right-large:20px;--awb-margin-bottom-large:20px;--awb-spacing-left-large:20px;--awb-width-medium:100%;--awb-order-medium:0;--awb-spacing-right-medium:20px;--awb-spacing-left-medium:20px;--awb-width-small:100%;--awb-order-small:0;--awb-margin-top-small:0px;--awb-spacing-right-small:1.92%;--awb-spacing-left-small:1.92%;\"><div class=\"fusion-column-wrapper fusion-column-has-shadow fusion-flex-justify-content-flex-start fusion-content-layout-column\"><div class=\"fusion-text fusion-text-1 fusion-text-no-margin\" style=\"--awb-font-size:1.5em;--awb-margin-bottom:10px;--awb-text-font-family:&quot;Orgon Bold&quot;;--awb-text-font-style:normal;--awb-text-font-weight:400;\"><p>Universe Babal\u00fa<\/p>\n<\/div><div class=\"fusion-title title fusion-title-1 fusion-sep-none fusion-title-text fusion-title-size-one\" style=\"--awb-text-color:var(--awb-color7);\"><h1 class=\"fusion-title-heading title-heading-left fusion-responsive-typography-calculated\" style=\"font-family:&quot;Orgon Light&quot;;font-style:normal;font-weight:400;margin:0;--fontSize:45;line-height:var(--awb-typography1-line-height);\">The Studio<\/h1><\/div><\/div><\/div><div class=\"fusion-layout-column fusion_builder_column fusion-builder-column-1 fusion_builder_column_1_4 1_4 fusion-flex-column fusion-flex-align-self-center\" style=\"--awb-bg-size:cover;--awb-width-large:25%;--awb-margin-top-large:20px;--awb-spacing-right-large:7.68%;--awb-margin-bottom-large:20px;--awb-spacing-left-large:7.68%;--awb-width-medium:25%;--awb-order-medium:0;--awb-spacing-right-medium:7.68%;--awb-spacing-left-medium:7.68%;--awb-width-small:100%;--awb-order-small:0;--awb-spacing-right-small:1.92%;--awb-spacing-left-small:1.92%;\"><div class=\"fusion-column-wrapper fusion-column-has-shadow fusion-flex-justify-content-flex-start fusion-content-layout-column\"><div class=\"fusion-image-element \" style=\"text-align:center;--awb-caption-title-font-family:var(--h2_typography-font-family);--awb-caption-title-font-weight:var(--h2_typography-font-weight);--awb-caption-title-font-style:var(--h2_typography-font-style);--awb-caption-title-size:var(--h2_typography-font-size);--awb-caption-title-transform:var(--h2_typography-text-transform);--awb-caption-title-line-height:var(--h2_typography-line-height);--awb-caption-title-letter-spacing:var(--h2_typography-letter-spacing);\"><span class=\" fusion-imageframe imageframe-none imageframe-1 hover-type-none\" style=\"border-radius:12px;\"><img decoding=\"async\" width=\"755\" height=\"756\" alt=\"Altavoz\" title=\"universo-babalu-instalaciones\" src=\"https:\/\/babalustudios.com\/wp-content\/uploads\/2022\/10\/universo-babalu-instalaciones.png\" data-orig-src=\"https:\/\/babalustudios.com\/wp-content\/uploads\/2022\/10\/universo-babalu-instalaciones.png\" class=\"lazyload img-responsive wp-image-9175\" srcset=\"data:image\/svg+xml,%3Csvg%20xmlns%3D%27http%3A%2F%2Fwww.w3.org%2F2000%2Fsvg%27%20width%3D%27755%27%20height%3D%27756%27%20viewBox%3D%270%200%20755%20756%27%3E%3Crect%20width%3D%27755%27%20height%3D%27756%27%20fill-opacity%3D%220%22%2F%3E%3C%2Fsvg%3E\" data-srcset=\"https:\/\/babalustudios.com\/wp-content\/uploads\/2022\/10\/universo-babalu-instalaciones-200x200.png 200w, https:\/\/babalustudios.com\/wp-content\/uploads\/2022\/10\/universo-babalu-instalaciones-400x401.png 400w, https:\/\/babalustudios.com\/wp-content\/uploads\/2022\/10\/universo-babalu-instalaciones-600x601.png 600w, https:\/\/babalustudios.com\/wp-content\/uploads\/2022\/10\/universo-babalu-instalaciones.png 755w\" data-sizes=\"auto\" data-orig-sizes=\"(max-width: 640px) 100vw, 400px\" \/><\/span><\/div><\/div><\/div><div class=\"fusion-layout-column fusion_builder_column fusion-builder-column-2 fusion_builder_column_1_2 1_2 fusion-flex-column\" style=\"--awb-bg-size:cover;--awb-width-large:50%;--awb-margin-top-large:20px;--awb-spacing-right-large:3.84%;--awb-margin-bottom-large:20px;--awb-spacing-left-large:3.84%;--awb-width-medium:50%;--awb-order-medium:0;--awb-spacing-right-medium:3.84%;--awb-spacing-left-medium:3.84%;--awb-width-small:100%;--awb-order-small:0;--awb-spacing-right-small:1.92%;--awb-spacing-left-small:1.92%;\"><div class=\"fusion-column-wrapper fusion-column-has-shadow fusion-flex-justify-content-flex-start fusion-content-layout-column\"><div class=\"fusion-image-element \" style=\"text-align:center;--awb-caption-title-font-family:var(--h2_typography-font-family);--awb-caption-title-font-weight:var(--h2_typography-font-weight);--awb-caption-title-font-style:var(--h2_typography-font-style);--awb-caption-title-size:var(--h2_typography-font-size);--awb-caption-title-transform:var(--h2_typography-text-transform);--awb-caption-title-line-height:var(--h2_typography-line-height);--awb-caption-title-letter-spacing:var(--h2_typography-letter-spacing);\"><span class=\" fusion-imageframe imageframe-none imageframe-2 hover-type-none\" style=\"border-radius:12px;\"><img decoding=\"async\" width=\"1624\" height=\"1693\" alt=\"Instalaciones y equipamiento t\u00e9cnico\" title=\"universo-babalu-equipamiento-instalaciones\" src=\"https:\/\/babalustudios.com\/wp-content\/uploads\/2022\/10\/universo-babalu-equipamiento-instalaciones.png\" data-orig-src=\"https:\/\/babalustudios.com\/wp-content\/uploads\/2022\/10\/universo-babalu-equipamiento-instalaciones.png\" class=\"lazyload img-responsive wp-image-9179\" srcset=\"data:image\/svg+xml,%3Csvg%20xmlns%3D%27http%3A%2F%2Fwww.w3.org%2F2000%2Fsvg%27%20width%3D%271624%27%20height%3D%271693%27%20viewBox%3D%270%200%201624%201693%27%3E%3Crect%20width%3D%271624%27%20height%3D%271693%27%20fill-opacity%3D%220%22%2F%3E%3C%2Fsvg%3E\" data-srcset=\"https:\/\/babalustudios.com\/wp-content\/uploads\/2022\/10\/universo-babalu-equipamiento-instalaciones-200x208.png 200w, https:\/\/babalustudios.com\/wp-content\/uploads\/2022\/10\/universo-babalu-equipamiento-instalaciones-400x417.png 400w, https:\/\/babalustudios.com\/wp-content\/uploads\/2022\/10\/universo-babalu-equipamiento-instalaciones-600x625.png 600w, https:\/\/babalustudios.com\/wp-content\/uploads\/2022\/10\/universo-babalu-equipamiento-instalaciones-800x834.png 800w, https:\/\/babalustudios.com\/wp-content\/uploads\/2022\/10\/universo-babalu-equipamiento-instalaciones-1200x1251.png 1200w, https:\/\/babalustudios.com\/wp-content\/uploads\/2022\/10\/universo-babalu-equipamiento-instalaciones.png 1624w\" data-sizes=\"auto\" data-orig-sizes=\"(max-width: 640px) 100vw, 600px\" \/><\/span><\/div><\/div><\/div><div class=\"fusion-layout-column fusion_builder_column fusion-builder-column-3 fusion_builder_column_1_4 1_4 fusion-flex-column\" style=\"--awb-bg-size:cover;--awb-width-large:25%;--awb-margin-top-large:20px;--awb-spacing-right-large:7.68%;--awb-margin-bottom-large:20px;--awb-spacing-left-large:7.68%;--awb-width-medium:25%;--awb-order-medium:0;--awb-spacing-right-medium:7.68%;--awb-spacing-left-medium:7.68%;--awb-width-small:100%;--awb-order-small:0;--awb-spacing-right-small:1.92%;--awb-spacing-left-small:1.92%;\"><div class=\"fusion-column-wrapper fusion-column-has-shadow fusion-flex-justify-content-flex-start fusion-content-layout-column\"><div class=\"fusion-image-element \" style=\"text-align:center;--awb-caption-title-font-family:var(--h2_typography-font-family);--awb-caption-title-font-weight:var(--h2_typography-font-weight);--awb-caption-title-font-style:var(--h2_typography-font-style);--awb-caption-title-size:var(--h2_typography-font-size);--awb-caption-title-transform:var(--h2_typography-text-transform);--awb-caption-title-line-height:var(--h2_typography-line-height);--awb-caption-title-letter-spacing:var(--h2_typography-letter-spacing);\"><span class=\" fusion-imageframe imageframe-none imageframe-3 hover-type-none\" style=\"border-radius:12px;\"><img decoding=\"async\" width=\"755\" height=\"755\" alt=\"Auriculares\" title=\"universo-babalu-equipamiento\" src=\"https:\/\/babalustudios.com\/wp-content\/uploads\/2022\/10\/universo-babalu-equipamiento.png\" data-orig-src=\"https:\/\/babalustudios.com\/wp-content\/uploads\/2022\/10\/universo-babalu-equipamiento.png\" class=\"lazyload img-responsive wp-image-9177\" srcset=\"data:image\/svg+xml,%3Csvg%20xmlns%3D%27http%3A%2F%2Fwww.w3.org%2F2000%2Fsvg%27%20width%3D%27755%27%20height%3D%27755%27%20viewBox%3D%270%200%20755%20755%27%3E%3Crect%20width%3D%27755%27%20height%3D%27755%27%20fill-opacity%3D%220%22%2F%3E%3C%2Fsvg%3E\" data-srcset=\"https:\/\/babalustudios.com\/wp-content\/uploads\/2022\/10\/universo-babalu-equipamiento-200x200.png 200w, https:\/\/babalustudios.com\/wp-content\/uploads\/2022\/10\/universo-babalu-equipamiento-400x400.png 400w, https:\/\/babalustudios.com\/wp-content\/uploads\/2022\/10\/universo-babalu-equipamiento-600x600.png 600w, https:\/\/babalustudios.com\/wp-content\/uploads\/2022\/10\/universo-babalu-equipamiento.png 755w\" data-sizes=\"auto\" data-orig-sizes=\"(max-width: 640px) 100vw, 400px\" \/><\/span><\/div><\/div><\/div><\/div><\/div><div class=\"fusion-fullwidth fullwidth-box fusion-builder-row-2 fusion-flex-container has-pattern-background has-mask-background nonhundred-percent-fullwidth non-hundred-percent-height-scrolling\" style=\"--awb-border-radius-top-left:0px;--awb-border-radius-top-right:0px;--awb-border-radius-bottom-right:0px;--awb-border-radius-bottom-left:0px;--awb-padding-top:40px;--awb-padding-bottom:0px;--awb-padding-top-medium:36px;--awb-padding-top-small:0px;--awb-flex-wrap:wrap;\" ><div class=\"fusion-builder-row fusion-row fusion-flex-align-items-flex-start fusion-flex-content-wrap\" style=\"max-width:1310.4px;margin-left: calc(-4% \/ 2 );margin-right: calc(-4% \/ 2 );\"><div class=\"fusion-layout-column fusion_builder_column fusion-builder-column-4 fusion_builder_column_1_1 1_1 fusion-flex-column\" style=\"--awb-bg-size:cover;--awb-width-large:100%;--awb-margin-top-large:20px;--awb-spacing-right-large:1.92%;--awb-margin-bottom-large:20px;--awb-spacing-left-large:1.92%;--awb-width-medium:100%;--awb-order-medium:0;--awb-spacing-right-medium:1.92%;--awb-spacing-left-medium:1.92%;--awb-width-small:100%;--awb-order-small:0;--awb-spacing-right-small:1.92%;--awb-spacing-left-small:1.92%;\"><div class=\"fusion-column-wrapper fusion-column-has-shadow fusion-flex-justify-content-flex-start fusion-content-layout-column\"><div class=\"fusion-text fusion-text-2\" style=\"--awb-margin-top:40px;\"><p>Staying technologically updated allows us to develop our work meeting the highest expectations and market demands, always seeking to provide the best quality and efficiency.<\/p>\n<p>We have two interconnected locations with 4 and 5 recording and editing rooms, with four more rooms coming soon. Three exclusive 5.1 and 7 mixing rooms, production and subtitling offices, machine rooms, communications, areas for the actors, areas for auxiliary services, direction room, etc.<\/p>\n<p>Here you can find some references of our systems and equipment:<\/p>\n<\/div><\/div><\/div><div class=\"fusion-layout-column fusion_builder_column fusion-builder-column-5 fusion_builder_column_1_3 1_3 fusion-flex-column fusion-flex-align-self-stretch\" style=\"--awb-padding-top:5%;--awb-padding-right:5%;--awb-padding-bottom:5%;--awb-padding-left:5%;--awb-overflow:hidden;--awb-bg-color:var(--awb-color2);--awb-bg-color-hover:var(--awb-color2);--awb-bg-size:cover;--awb-border-radius:8px 8px 8px 8px;--awb-width-large:33.333333333333%;--awb-margin-top-large:20px;--awb-spacing-right-large:5.76%;--awb-margin-bottom-large:20px;--awb-spacing-left-large:5.76%;--awb-width-medium:33.333333333333%;--awb-order-medium:0;--awb-spacing-right-medium:5.76%;--awb-spacing-left-medium:5.76%;--awb-width-small:100%;--awb-order-small:0;--awb-spacing-right-small:1.92%;--awb-spacing-left-small:1.92%;\"><div class=\"fusion-column-wrapper fusion-column-has-shadow fusion-flex-justify-content-flex-start fusion-content-layout-column\"><div class=\"fusion-text fusion-text-3\" style=\"--awb-text-font-family:&quot;Orgon Bold&quot;;--awb-text-font-style:normal;--awb-text-font-weight:400;\"><p style=\"font-weight: 400;\">Digital Recording and Mixing Rooms<\/p>\n<\/div><div class=\"fusion-text fusion-text-4\" style=\"--awb-content-alignment:center;\"><p style=\"font-weight: 400;\">ProTools software<\/p>\n<p style=\"font-weight: 400;\">Digital platforms Apple M2, 4k<\/p>\n<p style=\"font-weight: 400;\">Control surfaces<\/p>\n<p style=\"font-weight: 400;\">Amplification<\/p>\n<p style=\"font-weight: 400;\">Compression<\/p>\n<p style=\"font-weight: 400;\">Neumann Microphones<\/p>\n<p style=\"font-weight: 400;\">Behringer audio monitoring<\/p>\n<p style=\"font-weight: 400;\">Yamaha audio monitoring<\/p>\n<p style=\"font-weight: 400;\">Video monitoring 27\u201d, 75\u201d<\/p>\n<\/div><\/div><\/div><div class=\"fusion-layout-column fusion_builder_column fusion-builder-column-6 fusion_builder_column_1_3 1_3 fusion-flex-column fusion-flex-align-self-stretch\" style=\"--awb-padding-top:5%;--awb-padding-right:5%;--awb-padding-bottom:5%;--awb-padding-left:5%;--awb-overflow:hidden;--awb-bg-color:var(--awb-color2);--awb-bg-color-hover:var(--awb-color2);--awb-bg-size:cover;--awb-border-radius:8px 8px 8px 8px;--awb-width-large:33.333333333333%;--awb-margin-top-large:20px;--awb-spacing-right-large:5.76%;--awb-margin-bottom-large:20px;--awb-spacing-left-large:5.76%;--awb-width-medium:33.333333333333%;--awb-order-medium:0;--awb-spacing-right-medium:5.76%;--awb-spacing-left-medium:5.76%;--awb-width-small:100%;--awb-order-small:0;--awb-spacing-right-small:1.92%;--awb-spacing-left-small:1.92%;\"><div class=\"fusion-column-wrapper fusion-column-has-shadow fusion-flex-justify-content-flex-start fusion-content-layout-column\"><div class=\"fusion-text fusion-text-5\" style=\"--awb-text-font-family:&quot;Orgon Bold&quot;;--awb-text-font-style:normal;--awb-text-font-weight:400;\"><p>Audio mixing<\/p>\n<\/div><div class=\"fusion-text fusion-text-6\" style=\"--awb-content-alignment:center;\"><p style=\"font-weight: 400;\">ProTools software<\/p>\n<p style=\"font-weight: 400;\">Mac Studio M2 32-core, 4k<\/p>\n<p style=\"font-weight: 400;\">Interface<\/p>\n<p style=\"font-weight: 400;\">Control<\/p>\n<p style=\"font-weight: 400;\">Plugg-ins, Revers, Effects, Compressors, Noise Reductors, Moduldores, Equalizers, Finishers (Speakerphone, Tl-Space, Focusrite, Maxim, Moogerfooger, Waves, TC-Electronics, etc.)<\/p>\n<p style=\"font-weight: 400;\">Digital music libraries (KPM, Music House, Kosinus, Megatrax, Selected Sound, Carlin, Dedgood, Focus, Videohelper, Juice Music, The Sound Effects, etc.)<\/p>\n<\/div><\/div><\/div><div class=\"fusion-layout-column fusion_builder_column fusion-builder-column-7 fusion_builder_column_1_3 1_3 fusion-flex-column fusion-flex-align-self-stretch\" style=\"--awb-padding-top:5%;--awb-padding-right:5%;--awb-padding-bottom:5%;--awb-padding-left:5%;--awb-overflow:hidden;--awb-bg-color:var(--awb-color2);--awb-bg-color-hover:var(--awb-color2);--awb-bg-size:cover;--awb-border-radius:8px 8px 8px 8px;--awb-width-large:33.333333333333%;--awb-margin-top-large:20px;--awb-spacing-right-large:5.76%;--awb-margin-bottom-large:20px;--awb-spacing-left-large:5.76%;--awb-width-medium:33.333333333333%;--awb-order-medium:0;--awb-spacing-right-medium:5.76%;--awb-spacing-left-medium:5.76%;--awb-width-small:100%;--awb-order-small:0;--awb-spacing-right-small:1.92%;--awb-spacing-left-small:1.92%;\"><div class=\"fusion-column-wrapper fusion-column-has-shadow fusion-flex-justify-content-flex-start fusion-content-layout-column\"><div class=\"fusion-text fusion-text-7\" style=\"--awb-text-font-family:&quot;Orgon Bold&quot;;--awb-text-font-style:normal;--awb-text-font-weight:400;\"><p>Machines, postproduction, general services<\/p>\n<\/div><div class=\"fusion-text fusion-text-8\" style=\"--awb-content-alignment:center;\"><p style=\"font-weight: 400;\">Digital platform Apple Mac PRO Intel Core i7 (captures)<\/p>\n<p style=\"font-weight: 400;\">Digital platform Apple Mac Intel Core i7 (editing and format changes)<\/p>\n<p style=\"font-weight: 400;\">ProTools<\/p>\n<p style=\"font-weight: 400;\">Adobe Premiere<\/p>\n<p style=\"font-weight: 400;\">Final Cut Pro<\/p>\n<p style=\"font-weight: 400;\">Windows Server<\/p>\n<p style=\"font-weight: 400;\">10Gb Fibre Internet<\/p>\n<p style=\"font-weight: 400;\">1Gb Fibre Internet<\/p>\n<p style=\"font-weight: 400;\">1Gb Fibre Internet<\/p>\n<p style=\"font-weight: 400;\">Ethernet Cat. 5e<\/p>\n<p style=\"font-weight: 400;\">Ethernet Cat. 7<\/p>\n<p style=\"font-weight: 400;\">Fortinet (Firewall Cyberprotection) Sequo SNS certificate<\/p>\n<\/div><\/div><\/div><\/div><\/div><\/p>\n","protected":false},"excerpt":{"rendered":"","protected":false},"author":2,"featured_media":0,"parent":0,"menu_order":0,"comment_status":"closed","ping_status":"closed","template":"100-width.php","meta":{"footnotes":""},"class_list":["post-9268","page","type-page","status-publish","hentry"],"yoast_head":"<!-- This site is optimized with the Yoast SEO plugin v27.5 - https:\/\/yoast.com\/product\/yoast-seo-wordpress\/ -->\n<title>Technical equipment and facilities - Babal\u00fa Studios<\/title>\n<meta name=\"description\" content=\"En Babal\u00fa Studios contamos con un equipo t\u00e9cnico dotado de las \u00faltimas tecnolog\u00edas de audio para garantizar la calidad de nuestros servicios.\" \/>\n<meta name=\"robots\" content=\"index, follow, max-snippet:-1, max-image-preview:large, max-video-preview:-1\" \/>\n<link rel=\"canonical\" href=\"https:\/\/babalustudios.com\/en\/instalaciones-y-equipamiento-tecnico\/\" \/>\n<meta property=\"og:locale\" content=\"en_US\" \/>\n<meta property=\"og:type\" content=\"article\" \/>\n<meta property=\"og:title\" content=\"Technical equipment and facilities - Babal\u00fa Studios\" \/>\n<meta property=\"og:description\" content=\"En Babal\u00fa Studios contamos con un equipo t\u00e9cnico dotado de las \u00faltimas tecnolog\u00edas de audio para garantizar la calidad de nuestros servicios.\" \/>\n<meta property=\"og:url\" content=\"https:\/\/babalustudios.com\/en\/instalaciones-y-equipamiento-tecnico\/\" \/>\n<meta property=\"og:site_name\" content=\"Babal\u00fa Studios\" \/>\n<meta property=\"article:modified_time\" content=\"2023-08-11T15:36:46+00:00\" \/>\n<meta name=\"twitter:card\" content=\"summary_large_image\" \/>\n<meta name=\"twitter:label1\" content=\"Est. reading time\" \/>\n\t<meta name=\"twitter:data1\" content=\"7 minutes\" \/>\n<script type=\"application\/ld+json\" class=\"yoast-schema-graph\">{\"@context\":\"https:\\\/\\\/schema.org\",\"@graph\":[{\"@type\":\"WebPage\",\"@id\":\"https:\\\/\\\/babalustudios.com\\\/en\\\/instalaciones-y-equipamiento-tecnico\\\/\",\"url\":\"https:\\\/\\\/babalustudios.com\\\/en\\\/instalaciones-y-equipamiento-tecnico\\\/\",\"name\":\"Technical equipment and facilities - Babal\u00fa Studios\",\"isPartOf\":{\"@id\":\"https:\\\/\\\/babalustudios.com\\\/en\\\/#website\"},\"datePublished\":\"2022-10-13T16:14:14+00:00\",\"dateModified\":\"2023-08-11T15:36:46+00:00\",\"description\":\"En Babal\u00fa Studios contamos con un equipo t\u00e9cnico dotado de las \u00faltimas tecnolog\u00edas de audio para garantizar la calidad de nuestros servicios.\",\"breadcrumb\":{\"@id\":\"https:\\\/\\\/babalustudios.com\\\/en\\\/instalaciones-y-equipamiento-tecnico\\\/#breadcrumb\"},\"inLanguage\":\"en-US\",\"potentialAction\":[{\"@type\":\"ReadAction\",\"target\":[\"https:\\\/\\\/babalustudios.com\\\/en\\\/instalaciones-y-equipamiento-tecnico\\\/\"]}]},{\"@type\":\"BreadcrumbList\",\"@id\":\"https:\\\/\\\/babalustudios.com\\\/en\\\/instalaciones-y-equipamiento-tecnico\\\/#breadcrumb\",\"itemListElement\":[{\"@type\":\"ListItem\",\"position\":1,\"name\":\"Portada\",\"item\":\"https:\\\/\\\/babalustudios.com\\\/en\\\/\"},{\"@type\":\"ListItem\",\"position\":2,\"name\":\"Instalaciones y equipamiento t\u00e9cnico\"}]},{\"@type\":\"WebSite\",\"@id\":\"https:\\\/\\\/babalustudios.com\\\/en\\\/#website\",\"url\":\"https:\\\/\\\/babalustudios.com\\\/en\\\/\",\"name\":\"Babal\u00fa Studios\",\"description\":\"Babal\u00fa studios\",\"potentialAction\":[{\"@type\":\"SearchAction\",\"target\":{\"@type\":\"EntryPoint\",\"urlTemplate\":\"https:\\\/\\\/babalustudios.com\\\/en\\\/?s={search_term_string}\"},\"query-input\":{\"@type\":\"PropertyValueSpecification\",\"valueRequired\":true,\"valueName\":\"search_term_string\"}}],\"inLanguage\":\"en-US\"}]}<\/script>\n<!-- \/ Yoast SEO plugin. -->","yoast_head_json":{"title":"Technical equipment and facilities - Babal\u00fa Studios","description":"En Babal\u00fa Studios contamos con un equipo t\u00e9cnico dotado de las \u00faltimas tecnolog\u00edas de audio para garantizar la calidad de nuestros servicios.","robots":{"index":"index","follow":"follow","max-snippet":"max-snippet:-1","max-image-preview":"max-image-preview:large","max-video-preview":"max-video-preview:-1"},"canonical":"https:\/\/babalustudios.com\/en\/instalaciones-y-equipamiento-tecnico\/","og_locale":"en_US","og_type":"article","og_title":"Technical equipment and facilities - Babal\u00fa Studios","og_description":"En Babal\u00fa Studios contamos con un equipo t\u00e9cnico dotado de las \u00faltimas tecnolog\u00edas de audio para garantizar la calidad de nuestros servicios.","og_url":"https:\/\/babalustudios.com\/en\/instalaciones-y-equipamiento-tecnico\/","og_site_name":"Babal\u00fa Studios","article_modified_time":"2023-08-11T15:36:46+00:00","twitter_card":"summary_large_image","twitter_misc":{"Est. reading time":"7 minutes"},"schema":{"@context":"https:\/\/schema.org","@graph":[{"@type":"WebPage","@id":"https:\/\/babalustudios.com\/en\/instalaciones-y-equipamiento-tecnico\/","url":"https:\/\/babalustudios.com\/en\/instalaciones-y-equipamiento-tecnico\/","name":"Technical equipment and facilities - Babal\u00fa Studios","isPartOf":{"@id":"https:\/\/babalustudios.com\/en\/#website"},"datePublished":"2022-10-13T16:14:14+00:00","dateModified":"2023-08-11T15:36:46+00:00","description":"En Babal\u00fa Studios contamos con un equipo t\u00e9cnico dotado de las \u00faltimas tecnolog\u00edas de audio para garantizar la calidad de nuestros servicios.","breadcrumb":{"@id":"https:\/\/babalustudios.com\/en\/instalaciones-y-equipamiento-tecnico\/#breadcrumb"},"inLanguage":"en-US","potentialAction":[{"@type":"ReadAction","target":["https:\/\/babalustudios.com\/en\/instalaciones-y-equipamiento-tecnico\/"]}]},{"@type":"BreadcrumbList","@id":"https:\/\/babalustudios.com\/en\/instalaciones-y-equipamiento-tecnico\/#breadcrumb","itemListElement":[{"@type":"ListItem","position":1,"name":"Portada","item":"https:\/\/babalustudios.com\/en\/"},{"@type":"ListItem","position":2,"name":"Instalaciones y equipamiento t\u00e9cnico"}]},{"@type":"WebSite","@id":"https:\/\/babalustudios.com\/en\/#website","url":"https:\/\/babalustudios.com\/en\/","name":"Babal\u00fa Studios","description":"Babal\u00fa studios","potentialAction":[{"@type":"SearchAction","target":{"@type":"EntryPoint","urlTemplate":"https:\/\/babalustudios.com\/en\/?s={search_term_string}"},"query-input":{"@type":"PropertyValueSpecification","valueRequired":true,"valueName":"search_term_string"}}],"inLanguage":"en-US"}]}},"_links":{"self":[{"href":"https:\/\/babalustudios.com\/en\/wp-json\/wp\/v2\/pages\/9268","targetHints":{"allow":["GET"]}}],"collection":[{"href":"https:\/\/babalustudios.com\/en\/wp-json\/wp\/v2\/pages"}],"about":[{"href":"https:\/\/babalustudios.com\/en\/wp-json\/wp\/v2\/types\/page"}],"author":[{"embeddable":true,"href":"https:\/\/babalustudios.com\/en\/wp-json\/wp\/v2\/users\/2"}],"replies":[{"embeddable":true,"href":"https:\/\/babalustudios.com\/en\/wp-json\/wp\/v2\/comments?post=9268"}],"version-history":[{"count":5,"href":"https:\/\/babalustudios.com\/en\/wp-json\/wp\/v2\/pages\/9268\/revisions"}],"predecessor-version":[{"id":9273,"href":"https:\/\/babalustudios.com\/en\/wp-json\/wp\/v2\/pages\/9268\/revisions\/9273"}],"wp:attachment":[{"href":"https:\/\/babalustudios.com\/en\/wp-json\/wp\/v2\/media?parent=9268"}],"curies":[{"name":"wp","href":"https:\/\/api.w.org\/{rel}","templated":true}]}}