{"id":9403,"date":"2023-03-28T18:04:53","date_gmt":"2023-03-28T18:04:53","guid":{"rendered":"https:\/\/babalustudios.com\/producto\/curso-de-doblaje-y-sonorizacion\/"},"modified":"2023-10-02T00:01:22","modified_gmt":"2023-10-02T00:01:22","slug":"curso-de-doblaje-y-sonorizacion","status":"publish","type":"product","link":"https:\/\/babalustudios.com\/en\/producto\/curso-de-doblaje-y-sonorizacion\/","title":{"rendered":"Dubbing and Sound Course"},"content":{"rendered":"<p>If you want to work as a voice actor, sign up for our annual course:<\/p>\n<ul>\n<li>Your voice will become your work tool.<\/li>\n<li>In-person classes. You will learn in the most efficient way, in a classroom equipped as a recording studio.<\/li>\n<li>Small groups (up to 8 students). Individualized learning.<\/li>\n<li>Learn from top dubbing experts.<\/li>\n<li>Possibility to attend real recording sessions and to do paid internships.<\/li>\n<\/ul>\n","protected":false},"excerpt":{"rendered":"<p>In-person, 120 hours, 90% practical training<\/p>\n<p>In Babal\u00fa Studios we will train you as a voice actor and you will be able to work in the audiovisual industry.<\/p>\n","protected":false},"featured_media":9147,"template":"","meta":[],"product_brand":[],"product_cat":[258],"product_tag":[],"class_list":{"0":"post-9403","1":"product","2":"type-product","3":"status-publish","4":"has-post-thumbnail","6":"product_cat-formacion-en","8":"first","9":"instock","10":"virtual","11":"purchasable","12":"product-type-simple"},"yoast_head":"<!-- This site is optimized with the Yoast SEO plugin v27.5 - https:\/\/yoast.com\/product\/yoast-seo-wordpress\/ -->\n<title>Dubbing and Sound Course - Babal\u00fa Studios<\/title>\n<meta name=\"description\" content=\"F\u00f3rmate como actor o actriz de doblaje en A Coru\u00f1a con este curso presencial. Ven a aprender con m\u00e1s de 100 actores profesionales.\" \/>\n<meta name=\"robots\" content=\"index, follow, max-snippet:-1, max-image-preview:large, max-video-preview:-1\" \/>\n<link rel=\"canonical\" href=\"https:\/\/babalustudios.com\/en\/producto\/curso-de-doblaje-y-sonorizacion\/\" \/>\n<meta property=\"og:locale\" content=\"en_US\" \/>\n<meta property=\"og:type\" content=\"article\" \/>\n<meta property=\"og:title\" content=\"Dubbing and Sound Course - Babal\u00fa Studios\" \/>\n<meta property=\"og:description\" content=\"F\u00f3rmate como actor o actriz de doblaje en A Coru\u00f1a con este curso presencial. Ven a aprender con m\u00e1s de 100 actores profesionales.\" \/>\n<meta property=\"og:url\" content=\"https:\/\/babalustudios.com\/en\/producto\/curso-de-doblaje-y-sonorizacion\/\" \/>\n<meta property=\"og:site_name\" content=\"Babal\u00fa Studios\" \/>\n<meta property=\"article:modified_time\" content=\"2023-10-02T00:01:22+00:00\" \/>\n<meta property=\"og:image\" content=\"https:\/\/babalustudios.com\/wp-content\/uploads\/2022\/10\/estudio-grabacion-doblaje-babalu-studios.png\" \/>\n\t<meta property=\"og:image:width\" content=\"1011\" \/>\n\t<meta property=\"og:image:height\" content=\"1278\" \/>\n\t<meta property=\"og:image:type\" content=\"image\/png\" \/>\n<meta name=\"twitter:card\" content=\"summary_large_image\" \/>\n<meta name=\"twitter:label1\" content=\"Est. reading time\" \/>\n\t<meta name=\"twitter:data1\" content=\"1 minute\" \/>\n<script type=\"application\/ld+json\" class=\"yoast-schema-graph\">{\"@context\":\"https:\\\/\\\/schema.org\",\"@graph\":[{\"@type\":\"WebPage\",\"@id\":\"https:\\\/\\\/babalustudios.com\\\/en\\\/producto\\\/curso-de-doblaje-y-sonorizacion\\\/\",\"url\":\"https:\\\/\\\/babalustudios.com\\\/en\\\/producto\\\/curso-de-doblaje-y-sonorizacion\\\/\",\"name\":\"Dubbing and Sound Course - Babal\u00fa Studios\",\"isPartOf\":{\"@id\":\"https:\\\/\\\/babalustudios.com\\\/en\\\/#website\"},\"primaryImageOfPage\":{\"@id\":\"https:\\\/\\\/babalustudios.com\\\/en\\\/producto\\\/curso-de-doblaje-y-sonorizacion\\\/#primaryimage\"},\"image\":{\"@id\":\"https:\\\/\\\/babalustudios.com\\\/en\\\/producto\\\/curso-de-doblaje-y-sonorizacion\\\/#primaryimage\"},\"thumbnailUrl\":\"https:\\\/\\\/babalustudios.com\\\/wp-content\\\/uploads\\\/2022\\\/10\\\/estudio-grabacion-doblaje-babalu-studios.png\",\"datePublished\":\"2023-03-28T18:04:53+00:00\",\"dateModified\":\"2023-10-02T00:01:22+00:00\",\"description\":\"F\u00f3rmate como actor o actriz de doblaje en A Coru\u00f1a con este curso presencial. Ven a aprender con m\u00e1s de 100 actores profesionales.\",\"breadcrumb\":{\"@id\":\"https:\\\/\\\/babalustudios.com\\\/en\\\/producto\\\/curso-de-doblaje-y-sonorizacion\\\/#breadcrumb\"},\"inLanguage\":\"en-US\",\"potentialAction\":[{\"@type\":\"ReadAction\",\"target\":[\"https:\\\/\\\/babalustudios.com\\\/en\\\/producto\\\/curso-de-doblaje-y-sonorizacion\\\/\"]}]},{\"@type\":\"ImageObject\",\"inLanguage\":\"en-US\",\"@id\":\"https:\\\/\\\/babalustudios.com\\\/en\\\/producto\\\/curso-de-doblaje-y-sonorizacion\\\/#primaryimage\",\"url\":\"https:\\\/\\\/babalustudios.com\\\/wp-content\\\/uploads\\\/2022\\\/10\\\/estudio-grabacion-doblaje-babalu-studios.png\",\"contentUrl\":\"https:\\\/\\\/babalustudios.com\\\/wp-content\\\/uploads\\\/2022\\\/10\\\/estudio-grabacion-doblaje-babalu-studios.png\",\"width\":1011,\"height\":1278},{\"@type\":\"BreadcrumbList\",\"@id\":\"https:\\\/\\\/babalustudios.com\\\/en\\\/producto\\\/curso-de-doblaje-y-sonorizacion\\\/#breadcrumb\",\"itemListElement\":[{\"@type\":\"ListItem\",\"position\":1,\"name\":\"Portada\",\"item\":\"https:\\\/\\\/babalustudios.com\\\/en\\\/\"},{\"@type\":\"ListItem\",\"position\":2,\"name\":\"Shop\",\"item\":\"https:\\\/\\\/babalustudios.com\\\/en\\\/tienda\\\/\"},{\"@type\":\"ListItem\",\"position\":3,\"name\":\"Dubbing and Sound Course\"}]},{\"@type\":\"WebSite\",\"@id\":\"https:\\\/\\\/babalustudios.com\\\/en\\\/#website\",\"url\":\"https:\\\/\\\/babalustudios.com\\\/en\\\/\",\"name\":\"Babal\u00fa Studios\",\"description\":\"Babal\u00fa studios\",\"potentialAction\":[{\"@type\":\"SearchAction\",\"target\":{\"@type\":\"EntryPoint\",\"urlTemplate\":\"https:\\\/\\\/babalustudios.com\\\/en\\\/?s={search_term_string}\"},\"query-input\":{\"@type\":\"PropertyValueSpecification\",\"valueRequired\":true,\"valueName\":\"search_term_string\"}}],\"inLanguage\":\"en-US\"}]}<\/script>\n<!-- \/ Yoast SEO plugin. -->","yoast_head_json":{"title":"Dubbing and Sound Course - Babal\u00fa Studios","description":"F\u00f3rmate como actor o actriz de doblaje en A Coru\u00f1a con este curso presencial. Ven a aprender con m\u00e1s de 100 actores profesionales.","robots":{"index":"index","follow":"follow","max-snippet":"max-snippet:-1","max-image-preview":"max-image-preview:large","max-video-preview":"max-video-preview:-1"},"canonical":"https:\/\/babalustudios.com\/en\/producto\/curso-de-doblaje-y-sonorizacion\/","og_locale":"en_US","og_type":"article","og_title":"Dubbing and Sound Course - Babal\u00fa Studios","og_description":"F\u00f3rmate como actor o actriz de doblaje en A Coru\u00f1a con este curso presencial. Ven a aprender con m\u00e1s de 100 actores profesionales.","og_url":"https:\/\/babalustudios.com\/en\/producto\/curso-de-doblaje-y-sonorizacion\/","og_site_name":"Babal\u00fa Studios","article_modified_time":"2023-10-02T00:01:22+00:00","og_image":[{"width":1011,"height":1278,"url":"https:\/\/babalustudios.com\/wp-content\/uploads\/2022\/10\/estudio-grabacion-doblaje-babalu-studios.png","type":"image\/png"}],"twitter_card":"summary_large_image","twitter_misc":{"Est. reading time":"1 minute"},"schema":{"@context":"https:\/\/schema.org","@graph":[{"@type":"WebPage","@id":"https:\/\/babalustudios.com\/en\/producto\/curso-de-doblaje-y-sonorizacion\/","url":"https:\/\/babalustudios.com\/en\/producto\/curso-de-doblaje-y-sonorizacion\/","name":"Dubbing and Sound Course - Babal\u00fa Studios","isPartOf":{"@id":"https:\/\/babalustudios.com\/en\/#website"},"primaryImageOfPage":{"@id":"https:\/\/babalustudios.com\/en\/producto\/curso-de-doblaje-y-sonorizacion\/#primaryimage"},"image":{"@id":"https:\/\/babalustudios.com\/en\/producto\/curso-de-doblaje-y-sonorizacion\/#primaryimage"},"thumbnailUrl":"https:\/\/babalustudios.com\/wp-content\/uploads\/2022\/10\/estudio-grabacion-doblaje-babalu-studios.png","datePublished":"2023-03-28T18:04:53+00:00","dateModified":"2023-10-02T00:01:22+00:00","description":"F\u00f3rmate como actor o actriz de doblaje en A Coru\u00f1a con este curso presencial. Ven a aprender con m\u00e1s de 100 actores profesionales.","breadcrumb":{"@id":"https:\/\/babalustudios.com\/en\/producto\/curso-de-doblaje-y-sonorizacion\/#breadcrumb"},"inLanguage":"en-US","potentialAction":[{"@type":"ReadAction","target":["https:\/\/babalustudios.com\/en\/producto\/curso-de-doblaje-y-sonorizacion\/"]}]},{"@type":"ImageObject","inLanguage":"en-US","@id":"https:\/\/babalustudios.com\/en\/producto\/curso-de-doblaje-y-sonorizacion\/#primaryimage","url":"https:\/\/babalustudios.com\/wp-content\/uploads\/2022\/10\/estudio-grabacion-doblaje-babalu-studios.png","contentUrl":"https:\/\/babalustudios.com\/wp-content\/uploads\/2022\/10\/estudio-grabacion-doblaje-babalu-studios.png","width":1011,"height":1278},{"@type":"BreadcrumbList","@id":"https:\/\/babalustudios.com\/en\/producto\/curso-de-doblaje-y-sonorizacion\/#breadcrumb","itemListElement":[{"@type":"ListItem","position":1,"name":"Portada","item":"https:\/\/babalustudios.com\/en\/"},{"@type":"ListItem","position":2,"name":"Shop","item":"https:\/\/babalustudios.com\/en\/tienda\/"},{"@type":"ListItem","position":3,"name":"Dubbing and Sound Course"}]},{"@type":"WebSite","@id":"https:\/\/babalustudios.com\/en\/#website","url":"https:\/\/babalustudios.com\/en\/","name":"Babal\u00fa Studios","description":"Babal\u00fa studios","potentialAction":[{"@type":"SearchAction","target":{"@type":"EntryPoint","urlTemplate":"https:\/\/babalustudios.com\/en\/?s={search_term_string}"},"query-input":{"@type":"PropertyValueSpecification","valueRequired":true,"valueName":"search_term_string"}}],"inLanguage":"en-US"}]}},"_links":{"self":[{"href":"https:\/\/babalustudios.com\/en\/wp-json\/wp\/v2\/product\/9403","targetHints":{"allow":["GET"]}}],"collection":[{"href":"https:\/\/babalustudios.com\/en\/wp-json\/wp\/v2\/product"}],"about":[{"href":"https:\/\/babalustudios.com\/en\/wp-json\/wp\/v2\/types\/product"}],"wp:featuredmedia":[{"embeddable":true,"href":"https:\/\/babalustudios.com\/en\/wp-json\/wp\/v2\/media\/9147"}],"wp:attachment":[{"href":"https:\/\/babalustudios.com\/en\/wp-json\/wp\/v2\/media?parent=9403"}],"wp:term":[{"taxonomy":"product_brand","embeddable":true,"href":"https:\/\/babalustudios.com\/en\/wp-json\/wp\/v2\/product_brand?post=9403"},{"taxonomy":"product_cat","embeddable":true,"href":"https:\/\/babalustudios.com\/en\/wp-json\/wp\/v2\/product_cat?post=9403"},{"taxonomy":"product_tag","embeddable":true,"href":"https:\/\/babalustudios.com\/en\/wp-json\/wp\/v2\/product_tag?post=9403"}],"curies":[{"name":"wp","href":"https:\/\/api.w.org\/{rel}","templated":true}]}}