{"id":9404,"date":"2023-03-28T18:04:53","date_gmt":"2023-03-28T18:04:53","guid":{"rendered":"https:\/\/babalustudios.com\/producto\/curso-de-doblaje-y-sonorizacion\/"},"modified":"2023-10-02T00:01:22","modified_gmt":"2023-10-02T00:01:22","slug":"curso-de-doblaje-y-sonorizacion","status":"publish","type":"product","link":"https:\/\/babalustudios.com\/gl\/producto\/curso-de-doblaje-y-sonorizacion\/","title":{"rendered":"Curso de Dobraxe e Sonorizaci\u00f3n"},"content":{"rendered":"<p>Se queres traballar como actriz ou actor profesional de dobraxe, matric\u00falate no noso curso anual:<\/p>\n<ul>\n<li>Permitirache usar a voz como ferramenta de traballo.<\/li>\n<li>Totalmente presencial. Aprender\u00e1s coa \u00fanica forma eficaz, nun espazo f\u00edsico de aula equipada como estudio de gravaci\u00f3n.<\/li>\n<li>Grupos reducidos (8 alumna\/os m\u00e1ximo) con traballo individualizado.<\/li>\n<li>Aprende de profesionais da dobraxe do primeiro nivel.<\/li>\n<li>Con posibilidade de asistencia a xornadas de gravaci\u00f3n reais en estudio e de pr\u00e1cticas remuneradas.<\/li>\n<\/ul>\n","protected":false},"excerpt":{"rendered":"<p>Totalmente presencial, 120 horas, 90% pr\u00e1cticas.<\/p>\n<p>En Babal\u00fa Studios formar\u00e9moste como actriz\/actor de dobraxe, e poder\u00e1s acceder ao amplo campo de traballo do sector audiovisual.<\/p>\n","protected":false},"featured_media":9148,"template":"","meta":[],"product_brand":[],"product_cat":[259],"product_tag":[],"class_list":{"0":"post-9404","1":"product","2":"type-product","3":"status-publish","4":"has-post-thumbnail","6":"product_cat-formacion-gl","8":"first","9":"instock","10":"virtual","11":"purchasable","12":"product-type-simple"},"yoast_head":"<!-- This site is optimized with the Yoast SEO plugin v27.5 - https:\/\/yoast.com\/product\/yoast-seo-wordpress\/ -->\n<title>Curso de Dobraxe e Sonorizaci\u00f3n - Babal\u00fa Studios<\/title>\n<meta name=\"description\" content=\"F\u00f3rmate como actor o actriz de doblaje en A Coru\u00f1a con este curso presencial. Ven a aprender con m\u00e1s de 100 actores profesionales.\" \/>\n<meta name=\"robots\" content=\"index, follow, max-snippet:-1, max-image-preview:large, max-video-preview:-1\" \/>\n<link rel=\"canonical\" href=\"https:\/\/babalustudios.com\/gl\/producto\/curso-de-doblaje-y-sonorizacion\/\" \/>\n<meta property=\"og:locale\" content=\"gl_ES\" \/>\n<meta property=\"og:type\" content=\"article\" \/>\n<meta property=\"og:title\" content=\"Curso de Dobraxe e Sonorizaci\u00f3n - Babal\u00fa Studios\" \/>\n<meta property=\"og:description\" content=\"F\u00f3rmate como actor o actriz de doblaje en A Coru\u00f1a con este curso presencial. Ven a aprender con m\u00e1s de 100 actores profesionales.\" \/>\n<meta property=\"og:url\" content=\"https:\/\/babalustudios.com\/gl\/producto\/curso-de-doblaje-y-sonorizacion\/\" \/>\n<meta property=\"og:site_name\" content=\"Babal\u00fa Studios\" \/>\n<meta property=\"article:modified_time\" content=\"2023-10-02T00:01:22+00:00\" \/>\n<meta property=\"og:image\" content=\"https:\/\/babalustudios.com\/wp-content\/uploads\/2022\/10\/estudio-grabacion-doblaje-babalu-studios.png\" \/>\n\t<meta property=\"og:image:width\" content=\"1011\" \/>\n\t<meta property=\"og:image:height\" content=\"1278\" \/>\n\t<meta property=\"og:image:type\" content=\"image\/png\" \/>\n<meta name=\"twitter:card\" content=\"summary_large_image\" \/>\n<meta name=\"twitter:label1\" content=\"Tempo de lectura\" \/>\n\t<meta name=\"twitter:data1\" content=\"1 minuto\" \/>\n<script type=\"application\/ld+json\" class=\"yoast-schema-graph\">{\"@context\":\"https:\\\/\\\/schema.org\",\"@graph\":[{\"@type\":\"WebPage\",\"@id\":\"https:\\\/\\\/babalustudios.com\\\/gl\\\/producto\\\/curso-de-doblaje-y-sonorizacion\\\/\",\"url\":\"https:\\\/\\\/babalustudios.com\\\/gl\\\/producto\\\/curso-de-doblaje-y-sonorizacion\\\/\",\"name\":\"Curso de Dobraxe e Sonorizaci\u00f3n - Babal\u00fa Studios\",\"isPartOf\":{\"@id\":\"https:\\\/\\\/babalustudios.com\\\/gl\\\/#website\"},\"primaryImageOfPage\":{\"@id\":\"https:\\\/\\\/babalustudios.com\\\/gl\\\/producto\\\/curso-de-doblaje-y-sonorizacion\\\/#primaryimage\"},\"image\":{\"@id\":\"https:\\\/\\\/babalustudios.com\\\/gl\\\/producto\\\/curso-de-doblaje-y-sonorizacion\\\/#primaryimage\"},\"thumbnailUrl\":\"https:\\\/\\\/babalustudios.com\\\/wp-content\\\/uploads\\\/2022\\\/10\\\/estudio-grabacion-doblaje-babalu-studios.png\",\"datePublished\":\"2023-03-28T18:04:53+00:00\",\"dateModified\":\"2023-10-02T00:01:22+00:00\",\"description\":\"F\u00f3rmate como actor o actriz de doblaje en A Coru\u00f1a con este curso presencial. Ven a aprender con m\u00e1s de 100 actores profesionales.\",\"breadcrumb\":{\"@id\":\"https:\\\/\\\/babalustudios.com\\\/gl\\\/producto\\\/curso-de-doblaje-y-sonorizacion\\\/#breadcrumb\"},\"inLanguage\":\"gl-ES\",\"potentialAction\":[{\"@type\":\"ReadAction\",\"target\":[\"https:\\\/\\\/babalustudios.com\\\/gl\\\/producto\\\/curso-de-doblaje-y-sonorizacion\\\/\"]}]},{\"@type\":\"ImageObject\",\"inLanguage\":\"gl-ES\",\"@id\":\"https:\\\/\\\/babalustudios.com\\\/gl\\\/producto\\\/curso-de-doblaje-y-sonorizacion\\\/#primaryimage\",\"url\":\"https:\\\/\\\/babalustudios.com\\\/wp-content\\\/uploads\\\/2022\\\/10\\\/estudio-grabacion-doblaje-babalu-studios.png\",\"contentUrl\":\"https:\\\/\\\/babalustudios.com\\\/wp-content\\\/uploads\\\/2022\\\/10\\\/estudio-grabacion-doblaje-babalu-studios.png\",\"width\":1011,\"height\":1278},{\"@type\":\"BreadcrumbList\",\"@id\":\"https:\\\/\\\/babalustudios.com\\\/gl\\\/producto\\\/curso-de-doblaje-y-sonorizacion\\\/#breadcrumb\",\"itemListElement\":[{\"@type\":\"ListItem\",\"position\":1,\"name\":\"Portada\",\"item\":\"https:\\\/\\\/babalustudios.com\\\/gl\\\/\"},{\"@type\":\"ListItem\",\"position\":2,\"name\":\"Tenda\",\"item\":\"https:\\\/\\\/babalustudios.com\\\/gl\\\/tienda\\\/\"},{\"@type\":\"ListItem\",\"position\":3,\"name\":\"Curso de Dobraxe e Sonorizaci\u00f3n\"}]},{\"@type\":\"WebSite\",\"@id\":\"https:\\\/\\\/babalustudios.com\\\/gl\\\/#website\",\"url\":\"https:\\\/\\\/babalustudios.com\\\/gl\\\/\",\"name\":\"Babal\u00fa Studios\",\"description\":\"Babal\u00fa studios\",\"potentialAction\":[{\"@type\":\"SearchAction\",\"target\":{\"@type\":\"EntryPoint\",\"urlTemplate\":\"https:\\\/\\\/babalustudios.com\\\/gl\\\/?s={search_term_string}\"},\"query-input\":{\"@type\":\"PropertyValueSpecification\",\"valueRequired\":true,\"valueName\":\"search_term_string\"}}],\"inLanguage\":\"gl-ES\"}]}<\/script>\n<!-- \/ Yoast SEO plugin. -->","yoast_head_json":{"title":"Curso de Dobraxe e Sonorizaci\u00f3n - Babal\u00fa Studios","description":"F\u00f3rmate como actor o actriz de doblaje en A Coru\u00f1a con este curso presencial. Ven a aprender con m\u00e1s de 100 actores profesionales.","robots":{"index":"index","follow":"follow","max-snippet":"max-snippet:-1","max-image-preview":"max-image-preview:large","max-video-preview":"max-video-preview:-1"},"canonical":"https:\/\/babalustudios.com\/gl\/producto\/curso-de-doblaje-y-sonorizacion\/","og_locale":"gl_ES","og_type":"article","og_title":"Curso de Dobraxe e Sonorizaci\u00f3n - Babal\u00fa Studios","og_description":"F\u00f3rmate como actor o actriz de doblaje en A Coru\u00f1a con este curso presencial. Ven a aprender con m\u00e1s de 100 actores profesionales.","og_url":"https:\/\/babalustudios.com\/gl\/producto\/curso-de-doblaje-y-sonorizacion\/","og_site_name":"Babal\u00fa Studios","article_modified_time":"2023-10-02T00:01:22+00:00","og_image":[{"width":1011,"height":1278,"url":"https:\/\/babalustudios.com\/wp-content\/uploads\/2022\/10\/estudio-grabacion-doblaje-babalu-studios.png","type":"image\/png"}],"twitter_card":"summary_large_image","twitter_misc":{"Tempo de lectura":"1 minuto"},"schema":{"@context":"https:\/\/schema.org","@graph":[{"@type":"WebPage","@id":"https:\/\/babalustudios.com\/gl\/producto\/curso-de-doblaje-y-sonorizacion\/","url":"https:\/\/babalustudios.com\/gl\/producto\/curso-de-doblaje-y-sonorizacion\/","name":"Curso de Dobraxe e Sonorizaci\u00f3n - Babal\u00fa Studios","isPartOf":{"@id":"https:\/\/babalustudios.com\/gl\/#website"},"primaryImageOfPage":{"@id":"https:\/\/babalustudios.com\/gl\/producto\/curso-de-doblaje-y-sonorizacion\/#primaryimage"},"image":{"@id":"https:\/\/babalustudios.com\/gl\/producto\/curso-de-doblaje-y-sonorizacion\/#primaryimage"},"thumbnailUrl":"https:\/\/babalustudios.com\/wp-content\/uploads\/2022\/10\/estudio-grabacion-doblaje-babalu-studios.png","datePublished":"2023-03-28T18:04:53+00:00","dateModified":"2023-10-02T00:01:22+00:00","description":"F\u00f3rmate como actor o actriz de doblaje en A Coru\u00f1a con este curso presencial. Ven a aprender con m\u00e1s de 100 actores profesionales.","breadcrumb":{"@id":"https:\/\/babalustudios.com\/gl\/producto\/curso-de-doblaje-y-sonorizacion\/#breadcrumb"},"inLanguage":"gl-ES","potentialAction":[{"@type":"ReadAction","target":["https:\/\/babalustudios.com\/gl\/producto\/curso-de-doblaje-y-sonorizacion\/"]}]},{"@type":"ImageObject","inLanguage":"gl-ES","@id":"https:\/\/babalustudios.com\/gl\/producto\/curso-de-doblaje-y-sonorizacion\/#primaryimage","url":"https:\/\/babalustudios.com\/wp-content\/uploads\/2022\/10\/estudio-grabacion-doblaje-babalu-studios.png","contentUrl":"https:\/\/babalustudios.com\/wp-content\/uploads\/2022\/10\/estudio-grabacion-doblaje-babalu-studios.png","width":1011,"height":1278},{"@type":"BreadcrumbList","@id":"https:\/\/babalustudios.com\/gl\/producto\/curso-de-doblaje-y-sonorizacion\/#breadcrumb","itemListElement":[{"@type":"ListItem","position":1,"name":"Portada","item":"https:\/\/babalustudios.com\/gl\/"},{"@type":"ListItem","position":2,"name":"Tenda","item":"https:\/\/babalustudios.com\/gl\/tienda\/"},{"@type":"ListItem","position":3,"name":"Curso de Dobraxe e Sonorizaci\u00f3n"}]},{"@type":"WebSite","@id":"https:\/\/babalustudios.com\/gl\/#website","url":"https:\/\/babalustudios.com\/gl\/","name":"Babal\u00fa Studios","description":"Babal\u00fa studios","potentialAction":[{"@type":"SearchAction","target":{"@type":"EntryPoint","urlTemplate":"https:\/\/babalustudios.com\/gl\/?s={search_term_string}"},"query-input":{"@type":"PropertyValueSpecification","valueRequired":true,"valueName":"search_term_string"}}],"inLanguage":"gl-ES"}]}},"_links":{"self":[{"href":"https:\/\/babalustudios.com\/gl\/wp-json\/wp\/v2\/product\/9404","targetHints":{"allow":["GET"]}}],"collection":[{"href":"https:\/\/babalustudios.com\/gl\/wp-json\/wp\/v2\/product"}],"about":[{"href":"https:\/\/babalustudios.com\/gl\/wp-json\/wp\/v2\/types\/product"}],"wp:featuredmedia":[{"embeddable":true,"href":"https:\/\/babalustudios.com\/gl\/wp-json\/wp\/v2\/media\/9148"}],"wp:attachment":[{"href":"https:\/\/babalustudios.com\/gl\/wp-json\/wp\/v2\/media?parent=9404"}],"wp:term":[{"taxonomy":"product_brand","embeddable":true,"href":"https:\/\/babalustudios.com\/gl\/wp-json\/wp\/v2\/product_brand?post=9404"},{"taxonomy":"product_cat","embeddable":true,"href":"https:\/\/babalustudios.com\/gl\/wp-json\/wp\/v2\/product_cat?post=9404"},{"taxonomy":"product_tag","embeddable":true,"href":"https:\/\/babalustudios.com\/gl\/wp-json\/wp\/v2\/product_tag?post=9404"}],"curies":[{"name":"wp","href":"https:\/\/api.w.org\/{rel}","templated":true}]}}